{"id":70,"date":"2021-02-22T16:31:00","date_gmt":"2021-02-22T15:31:00","guid":{"rendered":"http:\/\/aecmm.fr\/?page_id=70"},"modified":"2024-11-22T17:26:57","modified_gmt":"2024-11-22T16:26:57","slug":"contact","status":"publish","type":"page","link":"https:\/\/aecmm.fr\/index.php\/contact\/","title":{"rendered":"CONTACTER AECMM"},"content":{"rendered":"\r\n<h1 style=\"text-align: center;\"><span style=\"color: #000080;\"><strong>Amicale des \u00c9lus\u00a0 \u00a0 \u00a0 \u00a0 \u00a0 A.E.C.M.M.<\/strong><\/span><\/h1>\r\n<h6>\u00a0<\/h6>\r\n<h2>E-mail Amicale (Pr\u00e9sidence : informations, d\u00e9cisions) :\u00a0 \u00a0\u00a0<\/h2>\r\n<h2><span style=\"color: #0000ff;\">\u00a0 \u00a0 \u00a0 \u00a0 \u00a0 \u00a0 \u00a0 \u00a0 \u00a0 \u00a0 \u00a0 \u00a0 \u00a0 \u00a0 \u00a0 \u00a0 \u00a0 \u00a0 \u00a0 \u00a0 \u00a0 \u00a0 \u00a0 \u00a0 \u00a0 \u00a0 \u00a0 <a href=\"mailto:aecmm13@Gmail.com\">aecmm13@Gmail.com<\/a><\/span><\/h2>\r\n<h2>\u00a0<\/h2>\r\n<h2>E-mail Tr\u00e9sorerie (adh\u00e9sion, participation) :\u00a0 \u00a0<\/h2>\r\n<h2>\u00a0 \u00a0 \u00a0 \u00a0 \u00a0 \u00a0 \u00a0 \u00a0 \u00a0 \u00a0 \u00a0 \u00a0 \u00a0 \u00a0 \u00a0 \u00a0 \u00a0 \u00a0 \u00a0 \u00a0 <a href=\"mailto:tresoriere.amicale.cm@gmail.com\">tresoriere.amicale.cm@gmail.com<\/a><\/h2>\r\n<h2>E-mail Secr\u00e9taire :\u00a0<\/h2>\r\n<h2><span style=\"color: #0000ff;\">\u00a0 \u00a0 \u00a0 \u00a0 \u00a0 \u00a0 \u00a0 \u00a0 \u00a0 \u00a0 \u00a0 \u00a0 \u00a0 \u00a0 \u00a0 \u00a0 \u00a0 <a href=\"mailto:secretaire.amicale.cm@gmail.com\">secretaire.amicale.cm@gmail.com<\/a><\/span><\/h2>\r\n<p>&nbsp;<\/p>\r\n<h3><strong>PS : <\/strong><span style=\"color: #0000ff;\">Pour toute demande de contact,<\/span><\/h3>\r\n<h3>\u00a0 \u00a0 \u00a0 \u00a0<span style=\"color: #0000ff;\">vous devez obligatoirement utiliser une des adresses mail ci-dessus.<\/span><\/h3>\r\n<h3>\u00a0<\/h3>\r\n<h3>\u00a0<\/h3>\r\n\r\n<p>&nbsp;<\/p>\r\n","protected":false},"excerpt":{"rendered":"<p>Amicale des \u00c9lus\u00a0 \u00a0 \u00a0 \u00a0 \u00a0 A.E.C.M.M. \u00a0 E-mail Amicale (Pr\u00e9sidence : informations, d\u00e9cisions) :\u00a0 \u00a0\u00a0 \u00a0 \u00a0 \u00a0 &hellip; <\/p>\n","protected":false},"author":1,"featured_media":276,"parent":0,"menu_order":6,"comment_status":"closed","ping_status":"closed","template":"","meta":{"footnotes":""},"yoast_head":"<!-- This site is optimized with the Yoast SEO plugin v18.0 - https:\/\/yoast.com\/wordpress\/plugins\/seo\/ -->\n<title>CONTACTER AECMM - AECMM<\/title>\n<meta name=\"robots\" content=\"index, follow, max-snippet:-1, max-image-preview:large, max-video-preview:-1\" \/>\n<link rel=\"canonical\" href=\"https:\/\/aecmm.fr\/index.php\/contact\/\" \/>\n<meta property=\"og:locale\" content=\"fr_FR\" \/>\n<meta property=\"og:type\" content=\"article\" \/>\n<meta property=\"og:title\" content=\"CONTACTER AECMM - AECMM\" \/>\n<meta property=\"og:description\" content=\"Amicale des \u00c9lus\u00a0 \u00a0 \u00a0 \u00a0 \u00a0 A.E.C.M.M. \u00a0 E-mail Amicale (Pr\u00e9sidence : informations, d\u00e9cisions) :\u00a0 \u00a0\u00a0 \u00a0 \u00a0 \u00a0 &hellip;\" \/>\n<meta property=\"og:url\" content=\"https:\/\/aecmm.fr\/index.php\/contact\/\" \/>\n<meta property=\"og:site_name\" content=\"AECMM\" \/>\n<meta property=\"article:modified_time\" content=\"2024-11-22T16:26:57+00:00\" \/>\n<meta property=\"og:image\" content=\"https:\/\/aecmm.fr\/wp-content\/uploads\/2017\/03\/logo-def2-2-e1522416531993.jpg\" \/>\n\t<meta property=\"og:image:width\" content=\"646\" \/>\n\t<meta property=\"og:image:height\" content=\"137\" \/>\n\t<meta property=\"og:image:type\" content=\"image\/jpeg\" \/>\n<meta name=\"twitter:card\" content=\"summary_large_image\" \/>\n<meta name=\"twitter:label1\" content=\"Dur\u00e9e de lecture estim\u00e9e\" \/>\n\t<meta name=\"twitter:data1\" content=\"1 minute\" \/>\n<script type=\"application\/ld+json\" class=\"yoast-schema-graph\">{\"@context\":\"https:\/\/schema.org\",\"@graph\":[{\"@type\":\"WebSite\",\"@id\":\"https:\/\/aecmm.fr\/#website\",\"url\":\"https:\/\/aecmm.fr\/\",\"name\":\"AECMM\",\"description\":\"L&#039;Amicale des \u00e9lus de la F\u00e9d\u00e9ration du CMM\",\"potentialAction\":[{\"@type\":\"SearchAction\",\"target\":{\"@type\":\"EntryPoint\",\"urlTemplate\":\"https:\/\/aecmm.fr\/?s={search_term_string}\"},\"query-input\":\"required name=search_term_string\"}],\"inLanguage\":\"fr-FR\"},{\"@type\":\"ImageObject\",\"@id\":\"https:\/\/aecmm.fr\/index.php\/contact\/#primaryimage\",\"inLanguage\":\"fr-FR\",\"url\":\"https:\/\/aecmm.fr\/wp-content\/uploads\/2017\/03\/logo-def2-2-e1522416531993.jpg\",\"contentUrl\":\"https:\/\/aecmm.fr\/wp-content\/uploads\/2017\/03\/logo-def2-2-e1522416531993.jpg\",\"width\":646,\"height\":137},{\"@type\":\"WebPage\",\"@id\":\"https:\/\/aecmm.fr\/index.php\/contact\/#webpage\",\"url\":\"https:\/\/aecmm.fr\/index.php\/contact\/\",\"name\":\"CONTACTER AECMM - AECMM\",\"isPartOf\":{\"@id\":\"https:\/\/aecmm.fr\/#website\"},\"primaryImageOfPage\":{\"@id\":\"https:\/\/aecmm.fr\/index.php\/contact\/#primaryimage\"},\"datePublished\":\"2021-02-22T15:31:00+00:00\",\"dateModified\":\"2024-11-22T16:26:57+00:00\",\"breadcrumb\":{\"@id\":\"https:\/\/aecmm.fr\/index.php\/contact\/#breadcrumb\"},\"inLanguage\":\"fr-FR\",\"potentialAction\":[{\"@type\":\"ReadAction\",\"target\":[\"https:\/\/aecmm.fr\/index.php\/contact\/\"]}]},{\"@type\":\"BreadcrumbList\",\"@id\":\"https:\/\/aecmm.fr\/index.php\/contact\/#breadcrumb\",\"itemListElement\":[{\"@type\":\"ListItem\",\"position\":1,\"name\":\"Accueil\",\"item\":\"https:\/\/aecmm.fr\/\"},{\"@type\":\"ListItem\",\"position\":2,\"name\":\"CONTACTER AECMM\"}]}]}<\/script>\n<!-- \/ Yoast SEO plugin. -->","yoast_head_json":{"title":"CONTACTER AECMM - AECMM","robots":{"index":"index","follow":"follow","max-snippet":"max-snippet:-1","max-image-preview":"max-image-preview:large","max-video-preview":"max-video-preview:-1"},"canonical":"https:\/\/aecmm.fr\/index.php\/contact\/","og_locale":"fr_FR","og_type":"article","og_title":"CONTACTER AECMM - AECMM","og_description":"Amicale des \u00c9lus\u00a0 \u00a0 \u00a0 \u00a0 \u00a0 A.E.C.M.M. \u00a0 E-mail Amicale (Pr\u00e9sidence : informations, d\u00e9cisions) :\u00a0 \u00a0\u00a0 \u00a0 \u00a0 \u00a0 &hellip;","og_url":"https:\/\/aecmm.fr\/index.php\/contact\/","og_site_name":"AECMM","article_modified_time":"2024-11-22T16:26:57+00:00","og_image":[{"width":646,"height":137,"url":"https:\/\/aecmm.fr\/wp-content\/uploads\/2017\/03\/logo-def2-2-e1522416531993.jpg","type":"image\/jpeg"}],"twitter_card":"summary_large_image","twitter_misc":{"Dur\u00e9e de lecture estim\u00e9e":"1 minute"},"schema":{"@context":"https:\/\/schema.org","@graph":[{"@type":"WebSite","@id":"https:\/\/aecmm.fr\/#website","url":"https:\/\/aecmm.fr\/","name":"AECMM","description":"L&#039;Amicale des \u00e9lus de la F\u00e9d\u00e9ration du CMM","potentialAction":[{"@type":"SearchAction","target":{"@type":"EntryPoint","urlTemplate":"https:\/\/aecmm.fr\/?s={search_term_string}"},"query-input":"required name=search_term_string"}],"inLanguage":"fr-FR"},{"@type":"ImageObject","@id":"https:\/\/aecmm.fr\/index.php\/contact\/#primaryimage","inLanguage":"fr-FR","url":"https:\/\/aecmm.fr\/wp-content\/uploads\/2017\/03\/logo-def2-2-e1522416531993.jpg","contentUrl":"https:\/\/aecmm.fr\/wp-content\/uploads\/2017\/03\/logo-def2-2-e1522416531993.jpg","width":646,"height":137},{"@type":"WebPage","@id":"https:\/\/aecmm.fr\/index.php\/contact\/#webpage","url":"https:\/\/aecmm.fr\/index.php\/contact\/","name":"CONTACTER AECMM - AECMM","isPartOf":{"@id":"https:\/\/aecmm.fr\/#website"},"primaryImageOfPage":{"@id":"https:\/\/aecmm.fr\/index.php\/contact\/#primaryimage"},"datePublished":"2021-02-22T15:31:00+00:00","dateModified":"2024-11-22T16:26:57+00:00","breadcrumb":{"@id":"https:\/\/aecmm.fr\/index.php\/contact\/#breadcrumb"},"inLanguage":"fr-FR","potentialAction":[{"@type":"ReadAction","target":["https:\/\/aecmm.fr\/index.php\/contact\/"]}]},{"@type":"BreadcrumbList","@id":"https:\/\/aecmm.fr\/index.php\/contact\/#breadcrumb","itemListElement":[{"@type":"ListItem","position":1,"name":"Accueil","item":"https:\/\/aecmm.fr\/"},{"@type":"ListItem","position":2,"name":"CONTACTER AECMM"}]}]}},"jetpack_sharing_enabled":true,"_links":{"self":[{"href":"https:\/\/aecmm.fr\/index.php\/wp-json\/wp\/v2\/pages\/70"}],"collection":[{"href":"https:\/\/aecmm.fr\/index.php\/wp-json\/wp\/v2\/pages"}],"about":[{"href":"https:\/\/aecmm.fr\/index.php\/wp-json\/wp\/v2\/types\/page"}],"author":[{"embeddable":true,"href":"https:\/\/aecmm.fr\/index.php\/wp-json\/wp\/v2\/users\/1"}],"replies":[{"embeddable":true,"href":"https:\/\/aecmm.fr\/index.php\/wp-json\/wp\/v2\/comments?post=70"}],"version-history":[{"count":51,"href":"https:\/\/aecmm.fr\/index.php\/wp-json\/wp\/v2\/pages\/70\/revisions"}],"predecessor-version":[{"id":1110,"href":"https:\/\/aecmm.fr\/index.php\/wp-json\/wp\/v2\/pages\/70\/revisions\/1110"}],"wp:featuredmedia":[{"embeddable":true,"href":"https:\/\/aecmm.fr\/index.php\/wp-json\/wp\/v2\/media\/276"}],"wp:attachment":[{"href":"https:\/\/aecmm.fr\/index.php\/wp-json\/wp\/v2\/media?parent=70"}],"curies":[{"name":"wp","href":"https:\/\/api.w.org\/{rel}","templated":true}]}}