{"id":60,"date":"2021-01-30T12:04:00","date_gmt":"2021-01-30T11:04:00","guid":{"rendered":"http:\/\/aecmm.fr\/?page_id=60"},"modified":"2026-01-31T16:37:51","modified_gmt":"2026-01-31T15:37:51","slug":"les-documents-utiles","status":"publish","type":"page","link":"https:\/\/aecmm.fr\/index.php\/vos-representants\/les-documents-utiles\/","title":{"rendered":"LES DOCUMENTS JURIDIQUES et COMPTABLES"},"content":{"rendered":"<h3>LES DOCUMENTS DE BASE POUR LE FONCTIONNEMENT DE L\u2019ASSOCIATION<\/h3>\n<h4><a href=\"https:\/\/aecmm.fr\/wp-content\/uploads\/2024\/04\/2021-11-27_Statuts-AECMM.pdf\" target=\"_blank\" rel=\"noopener\">Les statuts loi 1901\u00a0(mise \u00e0 jour Pr\u00e9fecture-13 le 09 novembre 2020)<\/a><\/h4>\n<h4><a href=\"https:\/\/aecmm.fr\/wp-content\/uploads\/2024\/04\/2022-04-26-Reglement-interieur-Amicale-AECMM.pdf\" target=\"_blank\" rel=\"noopener\">Le R\u00e8glement Int\u00e9rieur (mise \u00e0 jour C A du 22 novembre 20<\/a><\/h4>\n<h4><a href=\"https:\/\/aecmm.fr\/wp-content\/uploads\/2026\/01\/2025-11-20-Communique-2025-DOCELU-AECMM.pdf\" target=\"_blank\" rel=\"noopener\">Communiqu\u00e9 document \u00c9lus 2025\u00a0<\/a><\/h4>\n<h3>LES DOCUMENTS DE GESTION\u00a0DE L\u2019ASSOCIATION<\/h3>\n<p><strong><a href=\"https:\/\/aecmm.fr\/wp-content\/uploads\/2025\/11\/2025-03-30-Proces-verbal-de-l-A-G-O-2025-Nimes-Bellegarde-signe.pdf\">2025 03 30 Proc\u00e8s-verbal de l&rsquo; A G O 2025 N\u00eemes Bellegarde sign\u00e9<\/a><\/strong><\/p>\n<p><strong><a href=\"https:\/\/aecmm.fr\/wp-content\/uploads\/2025\/11\/2025-05-05-P-V-du-CA-du-29-avril-2025-VDEF.pdf\">2025 05 05 P V du CA du 29 avril 2025 VDEF<\/a><\/strong><\/p>\n<p>&nbsp;<\/p>\n","protected":false},"excerpt":{"rendered":"<p>LES DOCUMENTS DE BASE POUR LE FONCTIONNEMENT DE L\u2019ASSOCIATION Les statuts loi 1901\u00a0(mise \u00e0 jour Pr\u00e9fecture-13 le 09 novembre 2020) &hellip; <\/p>\n","protected":false},"author":1,"featured_media":276,"parent":36,"menu_order":5,"comment_status":"closed","ping_status":"closed","template":"","meta":{"footnotes":""},"yoast_head":"<!-- This site is optimized with the Yoast SEO plugin v18.0 - https:\/\/yoast.com\/wordpress\/plugins\/seo\/ -->\n<title>LES DOCUMENTS JURIDIQUES et COMPTABLES - AECMM<\/title>\n<meta name=\"robots\" content=\"index, follow, max-snippet:-1, max-image-preview:large, max-video-preview:-1\" \/>\n<link rel=\"canonical\" href=\"https:\/\/aecmm.fr\/index.php\/vos-representants\/les-documents-utiles\/\" \/>\n<meta property=\"og:locale\" content=\"fr_FR\" \/>\n<meta property=\"og:type\" content=\"article\" \/>\n<meta property=\"og:title\" content=\"LES DOCUMENTS JURIDIQUES et COMPTABLES - AECMM\" \/>\n<meta property=\"og:description\" content=\"LES DOCUMENTS DE BASE POUR LE FONCTIONNEMENT DE L\u2019ASSOCIATION Les statuts loi 1901\u00a0(mise \u00e0 jour Pr\u00e9fecture-13 le 09 novembre 2020) &hellip;\" \/>\n<meta property=\"og:url\" content=\"https:\/\/aecmm.fr\/index.php\/vos-representants\/les-documents-utiles\/\" \/>\n<meta property=\"og:site_name\" content=\"AECMM\" \/>\n<meta property=\"article:modified_time\" content=\"2026-01-31T15:37:51+00:00\" \/>\n<meta property=\"og:image\" content=\"https:\/\/aecmm.fr\/wp-content\/uploads\/2017\/03\/logo-def2-2-e1522416531993.jpg\" \/>\n\t<meta property=\"og:image:width\" content=\"646\" \/>\n\t<meta property=\"og:image:height\" content=\"137\" \/>\n\t<meta property=\"og:image:type\" content=\"image\/jpeg\" \/>\n<meta name=\"twitter:card\" content=\"summary_large_image\" \/>\n<meta name=\"twitter:label1\" content=\"Dur\u00e9e de lecture estim\u00e9e\" \/>\n\t<meta name=\"twitter:data1\" content=\"1 minute\" \/>\n<script type=\"application\/ld+json\" class=\"yoast-schema-graph\">{\"@context\":\"https:\/\/schema.org\",\"@graph\":[{\"@type\":\"WebSite\",\"@id\":\"https:\/\/aecmm.fr\/#website\",\"url\":\"https:\/\/aecmm.fr\/\",\"name\":\"AECMM\",\"description\":\"L&#039;Amicale des \u00e9lus de la F\u00e9d\u00e9ration du CMM\",\"potentialAction\":[{\"@type\":\"SearchAction\",\"target\":{\"@type\":\"EntryPoint\",\"urlTemplate\":\"https:\/\/aecmm.fr\/?s={search_term_string}\"},\"query-input\":\"required name=search_term_string\"}],\"inLanguage\":\"fr-FR\"},{\"@type\":\"ImageObject\",\"@id\":\"https:\/\/aecmm.fr\/index.php\/vos-representants\/les-documents-utiles\/#primaryimage\",\"inLanguage\":\"fr-FR\",\"url\":\"https:\/\/aecmm.fr\/wp-content\/uploads\/2017\/03\/logo-def2-2-e1522416531993.jpg\",\"contentUrl\":\"https:\/\/aecmm.fr\/wp-content\/uploads\/2017\/03\/logo-def2-2-e1522416531993.jpg\",\"width\":646,\"height\":137},{\"@type\":\"WebPage\",\"@id\":\"https:\/\/aecmm.fr\/index.php\/vos-representants\/les-documents-utiles\/#webpage\",\"url\":\"https:\/\/aecmm.fr\/index.php\/vos-representants\/les-documents-utiles\/\",\"name\":\"LES DOCUMENTS JURIDIQUES et COMPTABLES - AECMM\",\"isPartOf\":{\"@id\":\"https:\/\/aecmm.fr\/#website\"},\"primaryImageOfPage\":{\"@id\":\"https:\/\/aecmm.fr\/index.php\/vos-representants\/les-documents-utiles\/#primaryimage\"},\"datePublished\":\"2021-01-30T11:04:00+00:00\",\"dateModified\":\"2026-01-31T15:37:51+00:00\",\"breadcrumb\":{\"@id\":\"https:\/\/aecmm.fr\/index.php\/vos-representants\/les-documents-utiles\/#breadcrumb\"},\"inLanguage\":\"fr-FR\",\"potentialAction\":[{\"@type\":\"ReadAction\",\"target\":[\"https:\/\/aecmm.fr\/index.php\/vos-representants\/les-documents-utiles\/\"]}]},{\"@type\":\"BreadcrumbList\",\"@id\":\"https:\/\/aecmm.fr\/index.php\/vos-representants\/les-documents-utiles\/#breadcrumb\",\"itemListElement\":[{\"@type\":\"ListItem\",\"position\":1,\"name\":\"Accueil\",\"item\":\"https:\/\/aecmm.fr\/\"},{\"@type\":\"ListItem\",\"position\":2,\"name\":\"VOS REPRESENTANTS\",\"item\":\"https:\/\/aecmm.fr\/index.php\/vos-representants\/\"},{\"@type\":\"ListItem\",\"position\":3,\"name\":\"LES DOCUMENTS JURIDIQUES et COMPTABLES\"}]}]}<\/script>\n<!-- \/ Yoast SEO plugin. -->","yoast_head_json":{"title":"LES DOCUMENTS JURIDIQUES et COMPTABLES - AECMM","robots":{"index":"index","follow":"follow","max-snippet":"max-snippet:-1","max-image-preview":"max-image-preview:large","max-video-preview":"max-video-preview:-1"},"canonical":"https:\/\/aecmm.fr\/index.php\/vos-representants\/les-documents-utiles\/","og_locale":"fr_FR","og_type":"article","og_title":"LES DOCUMENTS JURIDIQUES et COMPTABLES - AECMM","og_description":"LES DOCUMENTS DE BASE POUR LE FONCTIONNEMENT DE L\u2019ASSOCIATION Les statuts loi 1901\u00a0(mise \u00e0 jour Pr\u00e9fecture-13 le 09 novembre 2020) &hellip;","og_url":"https:\/\/aecmm.fr\/index.php\/vos-representants\/les-documents-utiles\/","og_site_name":"AECMM","article_modified_time":"2026-01-31T15:37:51+00:00","og_image":[{"width":646,"height":137,"url":"https:\/\/aecmm.fr\/wp-content\/uploads\/2017\/03\/logo-def2-2-e1522416531993.jpg","type":"image\/jpeg"}],"twitter_card":"summary_large_image","twitter_misc":{"Dur\u00e9e de lecture estim\u00e9e":"1 minute"},"schema":{"@context":"https:\/\/schema.org","@graph":[{"@type":"WebSite","@id":"https:\/\/aecmm.fr\/#website","url":"https:\/\/aecmm.fr\/","name":"AECMM","description":"L&#039;Amicale des \u00e9lus de la F\u00e9d\u00e9ration du CMM","potentialAction":[{"@type":"SearchAction","target":{"@type":"EntryPoint","urlTemplate":"https:\/\/aecmm.fr\/?s={search_term_string}"},"query-input":"required name=search_term_string"}],"inLanguage":"fr-FR"},{"@type":"ImageObject","@id":"https:\/\/aecmm.fr\/index.php\/vos-representants\/les-documents-utiles\/#primaryimage","inLanguage":"fr-FR","url":"https:\/\/aecmm.fr\/wp-content\/uploads\/2017\/03\/logo-def2-2-e1522416531993.jpg","contentUrl":"https:\/\/aecmm.fr\/wp-content\/uploads\/2017\/03\/logo-def2-2-e1522416531993.jpg","width":646,"height":137},{"@type":"WebPage","@id":"https:\/\/aecmm.fr\/index.php\/vos-representants\/les-documents-utiles\/#webpage","url":"https:\/\/aecmm.fr\/index.php\/vos-representants\/les-documents-utiles\/","name":"LES DOCUMENTS JURIDIQUES et COMPTABLES - AECMM","isPartOf":{"@id":"https:\/\/aecmm.fr\/#website"},"primaryImageOfPage":{"@id":"https:\/\/aecmm.fr\/index.php\/vos-representants\/les-documents-utiles\/#primaryimage"},"datePublished":"2021-01-30T11:04:00+00:00","dateModified":"2026-01-31T15:37:51+00:00","breadcrumb":{"@id":"https:\/\/aecmm.fr\/index.php\/vos-representants\/les-documents-utiles\/#breadcrumb"},"inLanguage":"fr-FR","potentialAction":[{"@type":"ReadAction","target":["https:\/\/aecmm.fr\/index.php\/vos-representants\/les-documents-utiles\/"]}]},{"@type":"BreadcrumbList","@id":"https:\/\/aecmm.fr\/index.php\/vos-representants\/les-documents-utiles\/#breadcrumb","itemListElement":[{"@type":"ListItem","position":1,"name":"Accueil","item":"https:\/\/aecmm.fr\/"},{"@type":"ListItem","position":2,"name":"VOS REPRESENTANTS","item":"https:\/\/aecmm.fr\/index.php\/vos-representants\/"},{"@type":"ListItem","position":3,"name":"LES DOCUMENTS JURIDIQUES et COMPTABLES"}]}]}},"jetpack_sharing_enabled":true,"_links":{"self":[{"href":"https:\/\/aecmm.fr\/index.php\/wp-json\/wp\/v2\/pages\/60"}],"collection":[{"href":"https:\/\/aecmm.fr\/index.php\/wp-json\/wp\/v2\/pages"}],"about":[{"href":"https:\/\/aecmm.fr\/index.php\/wp-json\/wp\/v2\/types\/page"}],"author":[{"embeddable":true,"href":"https:\/\/aecmm.fr\/index.php\/wp-json\/wp\/v2\/users\/1"}],"replies":[{"embeddable":true,"href":"https:\/\/aecmm.fr\/index.php\/wp-json\/wp\/v2\/comments?post=60"}],"version-history":[{"count":28,"href":"https:\/\/aecmm.fr\/index.php\/wp-json\/wp\/v2\/pages\/60\/revisions"}],"predecessor-version":[{"id":1272,"href":"https:\/\/aecmm.fr\/index.php\/wp-json\/wp\/v2\/pages\/60\/revisions\/1272"}],"up":[{"embeddable":true,"href":"https:\/\/aecmm.fr\/index.php\/wp-json\/wp\/v2\/pages\/36"}],"wp:featuredmedia":[{"embeddable":true,"href":"https:\/\/aecmm.fr\/index.php\/wp-json\/wp\/v2\/media\/276"}],"wp:attachment":[{"href":"https:\/\/aecmm.fr\/index.php\/wp-json\/wp\/v2\/media?parent=60"}],"curies":[{"name":"wp","href":"https:\/\/api.w.org\/{rel}","templated":true}]}}