{"id":55,"date":"2021-01-30T20:05:00","date_gmt":"2021-01-30T19:05:00","guid":{"rendered":"http:\/\/aecmm.fr\/?page_id=55"},"modified":"2025-11-12T22:23:57","modified_gmt":"2025-11-12T21:23:57","slug":"fonctionnement","status":"publish","type":"page","link":"https:\/\/aecmm.fr\/index.php\/fonctionnement\/","title":{"rendered":"FONCTIONNEMENT"},"content":{"rendered":"<p><em><strong>Objectifs de l\u2019Amicale :<br \/>\n<\/strong><\/em>\uf09f Organiser des rencontres ludiques et culturelles<br \/>\n\uf09f Privil\u00e9gier les \u00e9changes entre les administrateurs et les surveillants des diff\u00e9rentes caisses locales.<br \/>\n\uf09f Renforcer par ses activit\u00e9s la coh\u00e9sion de ses membres et conforter leur appartenance \u00e0 un Groupe Mutualiste R\u00e9gional. \u00ab\u00a0Ensemble, Performant et Solidaire\u00a0\u00bb<br \/>\n\uf09f Favoriser la promotion et la notori\u00e9t\u00e9 du Cr\u00e9dit Mutuel M\u00e9diterran\u00e9en ainsi que la d\u00e9fense de ses valeurs fondatrices.<\/p>\n<p><em><strong>Organisation des sorties ou rencontres :<br \/>\n<\/strong><\/em>Chaque rencontre ou sortie est propos\u00e9e en Conseil d\u2019Administration o\u00f9 elle fait l\u2019objet d\u2019une analyse, d\u2019une discussion et <strong>d\u2019un vote<\/strong>. Seul la ou le compagnon peut \u00eatre accept\u00e9 comme accompagnateur.<\/p>\n<p><em><strong>R\u00e9servation pour une rencontre :<br \/>\n<\/strong><\/em>Chaque adh\u00e9rent re\u00e7oit un bulletin de participation directement par courrier \u00e9lectronique.<br \/>\nS&rsquo;il veut \u00eatre inscrit, il doit remplir le bulletin de participation en joignant le r\u00e8glement correspondant (par virement) \u00e0 l&rsquo;adresse : tresoriere.amicale.cm@gmail.com<\/p>\n<p><span style=\"color: #0000ff;\"><span style=\"color: #000000;\"><em>Bien lire les recommandations propres \u00e0 chaque sortie<\/em> . Chaque participant adh\u00e9rent recevra un mail d&rsquo;inscription.<br \/>\nUne feuille de route lui sera transmise quelques jours avant le d\u00e9part.<\/span><\/span><\/p>\n<p><strong>La participation :<\/strong><br \/>\nLa participation est la part qui reste \u00e0 la charge de l\u2019adh\u00e9rent <em>(et avec \u00e9ventuellement la part du compagnon)<\/em>. Elle d\u00e9pend aussi de la dur\u00e9e (un jour ou plusieurs, des visites guid\u00e9es, des repas ou de l\u2019h\u00e9bergement).<br \/>\nSeul l&rsquo;adh\u00e9rent(e) a une participation r\u00e9duite par rapport au cout r\u00e9el d&rsquo;une personne. <em>la ou le compagnon devant pay\u00e9 le cout r\u00e9el d&rsquo;une personne.<\/em><\/p>\n","protected":false},"excerpt":{"rendered":"<p>Objectifs de l\u2019Amicale : \uf09f Organiser des rencontres ludiques et culturelles \uf09f Privil\u00e9gier les \u00e9changes entre les administrateurs et les &hellip; <\/p>\n","protected":false},"author":1,"featured_media":0,"parent":0,"menu_order":3,"comment_status":"closed","ping_status":"closed","template":"","meta":{"footnotes":""},"yoast_head":"<!-- This site is optimized with the Yoast SEO plugin v18.0 - https:\/\/yoast.com\/wordpress\/plugins\/seo\/ -->\n<title>FONCTIONNEMENT - AECMM<\/title>\n<meta name=\"robots\" content=\"index, follow, max-snippet:-1, max-image-preview:large, max-video-preview:-1\" \/>\n<link rel=\"canonical\" href=\"https:\/\/aecmm.fr\/index.php\/fonctionnement\/\" \/>\n<meta property=\"og:locale\" content=\"fr_FR\" \/>\n<meta property=\"og:type\" content=\"article\" \/>\n<meta property=\"og:title\" content=\"FONCTIONNEMENT - AECMM\" \/>\n<meta property=\"og:description\" content=\"Objectifs de l\u2019Amicale : \uf09f Organiser des rencontres ludiques et culturelles \uf09f Privil\u00e9gier les \u00e9changes entre les administrateurs et les &hellip;\" \/>\n<meta property=\"og:url\" content=\"https:\/\/aecmm.fr\/index.php\/fonctionnement\/\" \/>\n<meta property=\"og:site_name\" content=\"AECMM\" \/>\n<meta property=\"article:modified_time\" content=\"2025-11-12T21:23:57+00:00\" \/>\n<meta name=\"twitter:card\" content=\"summary_large_image\" \/>\n<meta name=\"twitter:label1\" content=\"Dur\u00e9e de lecture estim\u00e9e\" \/>\n\t<meta name=\"twitter:data1\" content=\"1 minute\" \/>\n<script type=\"application\/ld+json\" class=\"yoast-schema-graph\">{\"@context\":\"https:\/\/schema.org\",\"@graph\":[{\"@type\":\"WebSite\",\"@id\":\"https:\/\/aecmm.fr\/#website\",\"url\":\"https:\/\/aecmm.fr\/\",\"name\":\"AECMM\",\"description\":\"L&#039;Amicale des \u00e9lus de la F\u00e9d\u00e9ration du CMM\",\"potentialAction\":[{\"@type\":\"SearchAction\",\"target\":{\"@type\":\"EntryPoint\",\"urlTemplate\":\"https:\/\/aecmm.fr\/?s={search_term_string}\"},\"query-input\":\"required name=search_term_string\"}],\"inLanguage\":\"fr-FR\"},{\"@type\":\"WebPage\",\"@id\":\"https:\/\/aecmm.fr\/index.php\/fonctionnement\/#webpage\",\"url\":\"https:\/\/aecmm.fr\/index.php\/fonctionnement\/\",\"name\":\"FONCTIONNEMENT - AECMM\",\"isPartOf\":{\"@id\":\"https:\/\/aecmm.fr\/#website\"},\"datePublished\":\"2021-01-30T19:05:00+00:00\",\"dateModified\":\"2025-11-12T21:23:57+00:00\",\"breadcrumb\":{\"@id\":\"https:\/\/aecmm.fr\/index.php\/fonctionnement\/#breadcrumb\"},\"inLanguage\":\"fr-FR\",\"potentialAction\":[{\"@type\":\"ReadAction\",\"target\":[\"https:\/\/aecmm.fr\/index.php\/fonctionnement\/\"]}]},{\"@type\":\"BreadcrumbList\",\"@id\":\"https:\/\/aecmm.fr\/index.php\/fonctionnement\/#breadcrumb\",\"itemListElement\":[{\"@type\":\"ListItem\",\"position\":1,\"name\":\"Accueil\",\"item\":\"https:\/\/aecmm.fr\/\"},{\"@type\":\"ListItem\",\"position\":2,\"name\":\"FONCTIONNEMENT\"}]}]}<\/script>\n<!-- \/ Yoast SEO plugin. -->","yoast_head_json":{"title":"FONCTIONNEMENT - AECMM","robots":{"index":"index","follow":"follow","max-snippet":"max-snippet:-1","max-image-preview":"max-image-preview:large","max-video-preview":"max-video-preview:-1"},"canonical":"https:\/\/aecmm.fr\/index.php\/fonctionnement\/","og_locale":"fr_FR","og_type":"article","og_title":"FONCTIONNEMENT - AECMM","og_description":"Objectifs de l\u2019Amicale : \uf09f Organiser des rencontres ludiques et culturelles \uf09f Privil\u00e9gier les \u00e9changes entre les administrateurs et les &hellip;","og_url":"https:\/\/aecmm.fr\/index.php\/fonctionnement\/","og_site_name":"AECMM","article_modified_time":"2025-11-12T21:23:57+00:00","twitter_card":"summary_large_image","twitter_misc":{"Dur\u00e9e de lecture estim\u00e9e":"1 minute"},"schema":{"@context":"https:\/\/schema.org","@graph":[{"@type":"WebSite","@id":"https:\/\/aecmm.fr\/#website","url":"https:\/\/aecmm.fr\/","name":"AECMM","description":"L&#039;Amicale des \u00e9lus de la F\u00e9d\u00e9ration du CMM","potentialAction":[{"@type":"SearchAction","target":{"@type":"EntryPoint","urlTemplate":"https:\/\/aecmm.fr\/?s={search_term_string}"},"query-input":"required name=search_term_string"}],"inLanguage":"fr-FR"},{"@type":"WebPage","@id":"https:\/\/aecmm.fr\/index.php\/fonctionnement\/#webpage","url":"https:\/\/aecmm.fr\/index.php\/fonctionnement\/","name":"FONCTIONNEMENT - AECMM","isPartOf":{"@id":"https:\/\/aecmm.fr\/#website"},"datePublished":"2021-01-30T19:05:00+00:00","dateModified":"2025-11-12T21:23:57+00:00","breadcrumb":{"@id":"https:\/\/aecmm.fr\/index.php\/fonctionnement\/#breadcrumb"},"inLanguage":"fr-FR","potentialAction":[{"@type":"ReadAction","target":["https:\/\/aecmm.fr\/index.php\/fonctionnement\/"]}]},{"@type":"BreadcrumbList","@id":"https:\/\/aecmm.fr\/index.php\/fonctionnement\/#breadcrumb","itemListElement":[{"@type":"ListItem","position":1,"name":"Accueil","item":"https:\/\/aecmm.fr\/"},{"@type":"ListItem","position":2,"name":"FONCTIONNEMENT"}]}]}},"jetpack_sharing_enabled":true,"_links":{"self":[{"href":"https:\/\/aecmm.fr\/index.php\/wp-json\/wp\/v2\/pages\/55"}],"collection":[{"href":"https:\/\/aecmm.fr\/index.php\/wp-json\/wp\/v2\/pages"}],"about":[{"href":"https:\/\/aecmm.fr\/index.php\/wp-json\/wp\/v2\/types\/page"}],"author":[{"embeddable":true,"href":"https:\/\/aecmm.fr\/index.php\/wp-json\/wp\/v2\/users\/1"}],"replies":[{"embeddable":true,"href":"https:\/\/aecmm.fr\/index.php\/wp-json\/wp\/v2\/comments?post=55"}],"version-history":[{"count":24,"href":"https:\/\/aecmm.fr\/index.php\/wp-json\/wp\/v2\/pages\/55\/revisions"}],"predecessor-version":[{"id":1199,"href":"https:\/\/aecmm.fr\/index.php\/wp-json\/wp\/v2\/pages\/55\/revisions\/1199"}],"wp:attachment":[{"href":"https:\/\/aecmm.fr\/index.php\/wp-json\/wp\/v2\/media?parent=55"}],"curies":[{"name":"wp","href":"https:\/\/api.w.org\/{rel}","templated":true}]}}