{"id":32,"date":"2021-01-30T09:47:00","date_gmt":"2021-01-30T08:47:00","guid":{"rendered":"http:\/\/aecmm.fr\/?page_id=32"},"modified":"2024-04-30T16:53:27","modified_gmt":"2024-04-30T14:53:27","slug":"bienvenue","status":"publish","type":"page","link":"https:\/\/aecmm.fr\/","title":{"rendered":"ACCUEIL"},"content":{"rendered":"<h2 style=\"text-align: center;\"><span style=\"color: #000080;\">AMICALE DES ELUS <\/span><span style=\"color: #000080;\">DU CR\u00c9DIT MUTU<\/span><span style=\"color: #000080;\">EL M<\/span><span style=\"color: #000080;\">\u00c9<\/span><span style=\"color: #000080;\">D<\/span><span style=\"color: #000080;\">ITER<\/span><span style=\"color: #000080;\">RAN<\/span><span style=\"color: #000080;\">\u00c9<\/span><span style=\"color: #000080;\">EN<\/span><\/h2>\n<h2 style=\"text-align: center;\"><strong>(AECMM)<\/strong><\/h2>\n<h2 style=\"text-align: center;\">Si vous \u00eates \u00e9lu(e) d&rsquo;une des caisses du Cr\u00e9dit Mutuel M\u00e9diterran\u00e9en<\/h2>\n<h2 style=\"text-align: center;\">au Conseil d&rsquo;Administration ou au Conseil de Surveillance<\/h2>\n<h2 style=\"text-align: center;\">vous pouvez nous rejoindre.<\/h2>\n<h3 style=\"text-align: center;\"><span style=\"color: #0000ff;\">Allez \u00e0 la page contact,\u00a0 prenez notre adresse Gmail et lancez vous, nous sommes \u00e0 votre service.<\/span><\/h3>\n<h3 style=\"text-align: center;\"><span style=\"color: #0000ff;\">Notre tr\u00e9sorier vous aidera dans votre d\u00e9marche pour adh\u00e9rer \u00e0 l&rsquo;amicale.<\/span><\/h3>\n<h3><\/h3>\n","protected":false},"excerpt":{"rendered":"<p>AMICALE DES ELUS DU CR\u00c9DIT MUTUEL M\u00c9DITERRAN\u00c9EN (AECMM) Si vous \u00eates \u00e9lu(e) d&rsquo;une des caisses du Cr\u00e9dit Mutuel M\u00e9diterran\u00e9en au &hellip; <\/p>\n","protected":false},"author":1,"featured_media":276,"parent":0,"menu_order":1,"comment_status":"closed","ping_status":"closed","template":"","meta":{"footnotes":""},"yoast_head":"<!-- This site is optimized with the Yoast SEO plugin v18.0 - https:\/\/yoast.com\/wordpress\/plugins\/seo\/ -->\n<title>ACCUEIL - AECMM<\/title>\n<meta name=\"robots\" content=\"index, follow, max-snippet:-1, max-image-preview:large, max-video-preview:-1\" \/>\n<link rel=\"canonical\" href=\"https:\/\/aecmm.fr\/\" \/>\n<meta property=\"og:locale\" content=\"fr_FR\" \/>\n<meta property=\"og:type\" content=\"article\" \/>\n<meta property=\"og:title\" content=\"ACCUEIL - AECMM\" \/>\n<meta property=\"og:description\" content=\"AMICALE DES ELUS DU CR\u00c9DIT MUTUEL M\u00c9DITERRAN\u00c9EN (AECMM) Si vous \u00eates \u00e9lu(e) d&rsquo;une des caisses du Cr\u00e9dit Mutuel M\u00e9diterran\u00e9en au &hellip;\" \/>\n<meta property=\"og:url\" content=\"https:\/\/aecmm.fr\/\" \/>\n<meta property=\"og:site_name\" content=\"AECMM\" \/>\n<meta property=\"article:modified_time\" content=\"2024-04-30T14:53:27+00:00\" \/>\n<meta property=\"og:image\" content=\"https:\/\/aecmm.fr\/wp-content\/uploads\/2017\/03\/logo-def2-2-e1522416531993.jpg\" \/>\n\t<meta property=\"og:image:width\" content=\"646\" \/>\n\t<meta property=\"og:image:height\" content=\"137\" \/>\n\t<meta property=\"og:image:type\" content=\"image\/jpeg\" \/>\n<meta name=\"twitter:card\" content=\"summary_large_image\" \/>\n<meta name=\"twitter:label1\" content=\"Dur\u00e9e de lecture estim\u00e9e\" \/>\n\t<meta name=\"twitter:data1\" content=\"1 minute\" \/>\n<script type=\"application\/ld+json\" class=\"yoast-schema-graph\">{\"@context\":\"https:\/\/schema.org\",\"@graph\":[{\"@type\":\"WebSite\",\"@id\":\"https:\/\/aecmm.fr\/#website\",\"url\":\"https:\/\/aecmm.fr\/\",\"name\":\"AECMM\",\"description\":\"L&#039;Amicale des \u00e9lus de la F\u00e9d\u00e9ration du CMM\",\"potentialAction\":[{\"@type\":\"SearchAction\",\"target\":{\"@type\":\"EntryPoint\",\"urlTemplate\":\"https:\/\/aecmm.fr\/?s={search_term_string}\"},\"query-input\":\"required name=search_term_string\"}],\"inLanguage\":\"fr-FR\"},{\"@type\":\"ImageObject\",\"@id\":\"https:\/\/aecmm.fr\/#primaryimage\",\"inLanguage\":\"fr-FR\",\"url\":\"https:\/\/aecmm.fr\/wp-content\/uploads\/2017\/03\/logo-def2-2-e1522416531993.jpg\",\"contentUrl\":\"https:\/\/aecmm.fr\/wp-content\/uploads\/2017\/03\/logo-def2-2-e1522416531993.jpg\",\"width\":646,\"height\":137},{\"@type\":\"WebPage\",\"@id\":\"https:\/\/aecmm.fr\/#webpage\",\"url\":\"https:\/\/aecmm.fr\/\",\"name\":\"ACCUEIL - AECMM\",\"isPartOf\":{\"@id\":\"https:\/\/aecmm.fr\/#website\"},\"primaryImageOfPage\":{\"@id\":\"https:\/\/aecmm.fr\/#primaryimage\"},\"datePublished\":\"2021-01-30T08:47:00+00:00\",\"dateModified\":\"2024-04-30T14:53:27+00:00\",\"breadcrumb\":{\"@id\":\"https:\/\/aecmm.fr\/#breadcrumb\"},\"inLanguage\":\"fr-FR\",\"potentialAction\":[{\"@type\":\"ReadAction\",\"target\":[\"https:\/\/aecmm.fr\/\"]}]},{\"@type\":\"BreadcrumbList\",\"@id\":\"https:\/\/aecmm.fr\/#breadcrumb\",\"itemListElement\":[{\"@type\":\"ListItem\",\"position\":1,\"name\":\"Accueil\",\"item\":\"https:\/\/aecmm.fr\/\"},{\"@type\":\"ListItem\",\"position\":2,\"name\":\"ACCUEIL\"}]}]}<\/script>\n<!-- \/ Yoast SEO plugin. -->","yoast_head_json":{"title":"ACCUEIL - AECMM","robots":{"index":"index","follow":"follow","max-snippet":"max-snippet:-1","max-image-preview":"max-image-preview:large","max-video-preview":"max-video-preview:-1"},"canonical":"https:\/\/aecmm.fr\/","og_locale":"fr_FR","og_type":"article","og_title":"ACCUEIL - AECMM","og_description":"AMICALE DES ELUS DU CR\u00c9DIT MUTUEL M\u00c9DITERRAN\u00c9EN (AECMM) Si vous \u00eates \u00e9lu(e) d&rsquo;une des caisses du Cr\u00e9dit Mutuel M\u00e9diterran\u00e9en au &hellip;","og_url":"https:\/\/aecmm.fr\/","og_site_name":"AECMM","article_modified_time":"2024-04-30T14:53:27+00:00","og_image":[{"width":646,"height":137,"url":"https:\/\/aecmm.fr\/wp-content\/uploads\/2017\/03\/logo-def2-2-e1522416531993.jpg","type":"image\/jpeg"}],"twitter_card":"summary_large_image","twitter_misc":{"Dur\u00e9e de lecture estim\u00e9e":"1 minute"},"schema":{"@context":"https:\/\/schema.org","@graph":[{"@type":"WebSite","@id":"https:\/\/aecmm.fr\/#website","url":"https:\/\/aecmm.fr\/","name":"AECMM","description":"L&#039;Amicale des \u00e9lus de la F\u00e9d\u00e9ration du CMM","potentialAction":[{"@type":"SearchAction","target":{"@type":"EntryPoint","urlTemplate":"https:\/\/aecmm.fr\/?s={search_term_string}"},"query-input":"required name=search_term_string"}],"inLanguage":"fr-FR"},{"@type":"ImageObject","@id":"https:\/\/aecmm.fr\/#primaryimage","inLanguage":"fr-FR","url":"https:\/\/aecmm.fr\/wp-content\/uploads\/2017\/03\/logo-def2-2-e1522416531993.jpg","contentUrl":"https:\/\/aecmm.fr\/wp-content\/uploads\/2017\/03\/logo-def2-2-e1522416531993.jpg","width":646,"height":137},{"@type":"WebPage","@id":"https:\/\/aecmm.fr\/#webpage","url":"https:\/\/aecmm.fr\/","name":"ACCUEIL - AECMM","isPartOf":{"@id":"https:\/\/aecmm.fr\/#website"},"primaryImageOfPage":{"@id":"https:\/\/aecmm.fr\/#primaryimage"},"datePublished":"2021-01-30T08:47:00+00:00","dateModified":"2024-04-30T14:53:27+00:00","breadcrumb":{"@id":"https:\/\/aecmm.fr\/#breadcrumb"},"inLanguage":"fr-FR","potentialAction":[{"@type":"ReadAction","target":["https:\/\/aecmm.fr\/"]}]},{"@type":"BreadcrumbList","@id":"https:\/\/aecmm.fr\/#breadcrumb","itemListElement":[{"@type":"ListItem","position":1,"name":"Accueil","item":"https:\/\/aecmm.fr\/"},{"@type":"ListItem","position":2,"name":"ACCUEIL"}]}]}},"jetpack_sharing_enabled":true,"_links":{"self":[{"href":"https:\/\/aecmm.fr\/index.php\/wp-json\/wp\/v2\/pages\/32"}],"collection":[{"href":"https:\/\/aecmm.fr\/index.php\/wp-json\/wp\/v2\/pages"}],"about":[{"href":"https:\/\/aecmm.fr\/index.php\/wp-json\/wp\/v2\/types\/page"}],"author":[{"embeddable":true,"href":"https:\/\/aecmm.fr\/index.php\/wp-json\/wp\/v2\/users\/1"}],"replies":[{"embeddable":true,"href":"https:\/\/aecmm.fr\/index.php\/wp-json\/wp\/v2\/comments?post=32"}],"version-history":[{"count":79,"href":"https:\/\/aecmm.fr\/index.php\/wp-json\/wp\/v2\/pages\/32\/revisions"}],"predecessor-version":[{"id":1082,"href":"https:\/\/aecmm.fr\/index.php\/wp-json\/wp\/v2\/pages\/32\/revisions\/1082"}],"wp:featuredmedia":[{"embeddable":true,"href":"https:\/\/aecmm.fr\/index.php\/wp-json\/wp\/v2\/media\/276"}],"wp:attachment":[{"href":"https:\/\/aecmm.fr\/index.php\/wp-json\/wp\/v2\/media?parent=32"}],"curies":[{"name":"wp","href":"https:\/\/api.w.org\/{rel}","templated":true}]}}