{"id":1184,"date":"2024-11-24T10:12:46","date_gmt":"2024-11-24T09:12:46","guid":{"rendered":"https:\/\/aecmm.fr\/?page_id=1184"},"modified":"2026-01-31T16:40:22","modified_gmt":"2026-01-31T15:40:22","slug":"communications-diverses","status":"publish","type":"page","link":"https:\/\/aecmm.fr\/index.php\/communications-diverses\/","title":{"rendered":"COMMUNICATIONS AUX ADHERENTS"},"content":{"rendered":"<p><strong><a href=\"https:\/\/aecmm.fr\/wp-content\/uploads\/2025\/10\/2025-10-17-Presentation-AECMM_2025.pdf\">2025 10 17 &#8211; Pr\u00e9sentation AECMM_2025<\/a><\/strong><\/p>\n<p><strong><a href=\"https:\/\/aecmm.fr\/wp-content\/uploads\/2025\/10\/2025-10-01_Bulletin-adhesion-AECMM-2026.pdf\">2025 10 01 -_Bulletin adh\u00e9sion AECMM 2026<\/a><\/strong><\/p>\n<p><span style=\"color: #3366ff;\"><strong>2025 11 20 &#8211;\u00a0<a style=\"color: #3366ff;\" href=\"https:\/\/aecmm.fr\/wp-content\/uploads\/2026\/01\/2025-11-20-Communique-2025-DOCELU-AECMM.pdf\">Communiqu\u00e9 document \u00c9lus\u00a02025<\/a><\/strong><\/span><\/p>\n<p>&nbsp;<\/p>\n<p>&nbsp;<\/p>\n<p>&nbsp;<\/p>\n<p>&nbsp;<\/p>\n","protected":false},"excerpt":{"rendered":"<p>2025 10 17 &#8211; Pr\u00e9sentation AECMM_2025 2025 10 01 -_Bulletin adh\u00e9sion AECMM 2026 2025 11 20 &#8211;\u00a0Communiqu\u00e9 document \u00c9lus\u00a02025 &nbsp; &hellip; <\/p>\n","protected":false},"author":1,"featured_media":0,"parent":0,"menu_order":0,"comment_status":"closed","ping_status":"closed","template":"","meta":{"footnotes":""},"yoast_head":"<!-- This site is optimized with the Yoast SEO plugin v18.0 - https:\/\/yoast.com\/wordpress\/plugins\/seo\/ -->\n<title>COMMUNICATIONS AUX ADHERENTS - AECMM<\/title>\n<meta name=\"robots\" content=\"index, follow, max-snippet:-1, max-image-preview:large, max-video-preview:-1\" \/>\n<link rel=\"canonical\" href=\"https:\/\/aecmm.fr\/index.php\/communications-diverses\/\" \/>\n<meta property=\"og:locale\" content=\"fr_FR\" \/>\n<meta property=\"og:type\" content=\"article\" \/>\n<meta property=\"og:title\" content=\"COMMUNICATIONS AUX ADHERENTS - AECMM\" \/>\n<meta property=\"og:description\" content=\"2025 10 17 &#8211; Pr\u00e9sentation AECMM_2025 2025 10 01 -_Bulletin adh\u00e9sion AECMM 2026 2025 11 20 &#8211;\u00a0Communiqu\u00e9 document \u00c9lus\u00a02025 &nbsp; &hellip;\" \/>\n<meta property=\"og:url\" content=\"https:\/\/aecmm.fr\/index.php\/communications-diverses\/\" \/>\n<meta property=\"og:site_name\" content=\"AECMM\" \/>\n<meta property=\"article:modified_time\" content=\"2026-01-31T15:40:22+00:00\" \/>\n<meta name=\"twitter:card\" content=\"summary_large_image\" \/>\n<script type=\"application\/ld+json\" class=\"yoast-schema-graph\">{\"@context\":\"https:\/\/schema.org\",\"@graph\":[{\"@type\":\"WebSite\",\"@id\":\"https:\/\/aecmm.fr\/#website\",\"url\":\"https:\/\/aecmm.fr\/\",\"name\":\"AECMM\",\"description\":\"L&#039;Amicale des \u00e9lus de la F\u00e9d\u00e9ration du CMM\",\"potentialAction\":[{\"@type\":\"SearchAction\",\"target\":{\"@type\":\"EntryPoint\",\"urlTemplate\":\"https:\/\/aecmm.fr\/?s={search_term_string}\"},\"query-input\":\"required name=search_term_string\"}],\"inLanguage\":\"fr-FR\"},{\"@type\":\"WebPage\",\"@id\":\"https:\/\/aecmm.fr\/index.php\/communications-diverses\/#webpage\",\"url\":\"https:\/\/aecmm.fr\/index.php\/communications-diverses\/\",\"name\":\"COMMUNICATIONS AUX ADHERENTS - AECMM\",\"isPartOf\":{\"@id\":\"https:\/\/aecmm.fr\/#website\"},\"datePublished\":\"2024-11-24T09:12:46+00:00\",\"dateModified\":\"2026-01-31T15:40:22+00:00\",\"breadcrumb\":{\"@id\":\"https:\/\/aecmm.fr\/index.php\/communications-diverses\/#breadcrumb\"},\"inLanguage\":\"fr-FR\",\"potentialAction\":[{\"@type\":\"ReadAction\",\"target\":[\"https:\/\/aecmm.fr\/index.php\/communications-diverses\/\"]}]},{\"@type\":\"BreadcrumbList\",\"@id\":\"https:\/\/aecmm.fr\/index.php\/communications-diverses\/#breadcrumb\",\"itemListElement\":[{\"@type\":\"ListItem\",\"position\":1,\"name\":\"Accueil\",\"item\":\"https:\/\/aecmm.fr\/\"},{\"@type\":\"ListItem\",\"position\":2,\"name\":\"COMMUNICATIONS AUX ADHERENTS\"}]}]}<\/script>\n<!-- \/ Yoast SEO plugin. -->","yoast_head_json":{"title":"COMMUNICATIONS AUX ADHERENTS - AECMM","robots":{"index":"index","follow":"follow","max-snippet":"max-snippet:-1","max-image-preview":"max-image-preview:large","max-video-preview":"max-video-preview:-1"},"canonical":"https:\/\/aecmm.fr\/index.php\/communications-diverses\/","og_locale":"fr_FR","og_type":"article","og_title":"COMMUNICATIONS AUX ADHERENTS - AECMM","og_description":"2025 10 17 &#8211; Pr\u00e9sentation AECMM_2025 2025 10 01 -_Bulletin adh\u00e9sion AECMM 2026 2025 11 20 &#8211;\u00a0Communiqu\u00e9 document \u00c9lus\u00a02025 &nbsp; &hellip;","og_url":"https:\/\/aecmm.fr\/index.php\/communications-diverses\/","og_site_name":"AECMM","article_modified_time":"2026-01-31T15:40:22+00:00","twitter_card":"summary_large_image","schema":{"@context":"https:\/\/schema.org","@graph":[{"@type":"WebSite","@id":"https:\/\/aecmm.fr\/#website","url":"https:\/\/aecmm.fr\/","name":"AECMM","description":"L&#039;Amicale des \u00e9lus de la F\u00e9d\u00e9ration du CMM","potentialAction":[{"@type":"SearchAction","target":{"@type":"EntryPoint","urlTemplate":"https:\/\/aecmm.fr\/?s={search_term_string}"},"query-input":"required name=search_term_string"}],"inLanguage":"fr-FR"},{"@type":"WebPage","@id":"https:\/\/aecmm.fr\/index.php\/communications-diverses\/#webpage","url":"https:\/\/aecmm.fr\/index.php\/communications-diverses\/","name":"COMMUNICATIONS AUX ADHERENTS - AECMM","isPartOf":{"@id":"https:\/\/aecmm.fr\/#website"},"datePublished":"2024-11-24T09:12:46+00:00","dateModified":"2026-01-31T15:40:22+00:00","breadcrumb":{"@id":"https:\/\/aecmm.fr\/index.php\/communications-diverses\/#breadcrumb"},"inLanguage":"fr-FR","potentialAction":[{"@type":"ReadAction","target":["https:\/\/aecmm.fr\/index.php\/communications-diverses\/"]}]},{"@type":"BreadcrumbList","@id":"https:\/\/aecmm.fr\/index.php\/communications-diverses\/#breadcrumb","itemListElement":[{"@type":"ListItem","position":1,"name":"Accueil","item":"https:\/\/aecmm.fr\/"},{"@type":"ListItem","position":2,"name":"COMMUNICATIONS AUX ADHERENTS"}]}]}},"jetpack_sharing_enabled":true,"_links":{"self":[{"href":"https:\/\/aecmm.fr\/index.php\/wp-json\/wp\/v2\/pages\/1184"}],"collection":[{"href":"https:\/\/aecmm.fr\/index.php\/wp-json\/wp\/v2\/pages"}],"about":[{"href":"https:\/\/aecmm.fr\/index.php\/wp-json\/wp\/v2\/types\/page"}],"author":[{"embeddable":true,"href":"https:\/\/aecmm.fr\/index.php\/wp-json\/wp\/v2\/users\/1"}],"replies":[{"embeddable":true,"href":"https:\/\/aecmm.fr\/index.php\/wp-json\/wp\/v2\/comments?post=1184"}],"version-history":[{"count":14,"href":"https:\/\/aecmm.fr\/index.php\/wp-json\/wp\/v2\/pages\/1184\/revisions"}],"predecessor-version":[{"id":1273,"href":"https:\/\/aecmm.fr\/index.php\/wp-json\/wp\/v2\/pages\/1184\/revisions\/1273"}],"wp:attachment":[{"href":"https:\/\/aecmm.fr\/index.php\/wp-json\/wp\/v2\/media?parent=1184"}],"curies":[{"name":"wp","href":"https:\/\/api.w.org\/{rel}","templated":true}]}}