{"id":1075,"date":"2024-04-29T19:44:08","date_gmt":"2024-04-29T17:44:08","guid":{"rendered":"https:\/\/aecmm.fr\/?page_id=1075"},"modified":"2025-10-30T11:12:14","modified_gmt":"2025-10-30T10:12:14","slug":"photos-souvenirs","status":"publish","type":"page","link":"https:\/\/aecmm.fr\/index.php\/photos-souvenirs\/","title":{"rendered":"SEJOUR EN CORSE"},"content":{"rendered":"<p><img loading=\"lazy\" decoding=\"async\" class=\"size-medium wp-image-1220 aligncenter\" src=\"https:\/\/aecmm.fr\/wp-content\/uploads\/2025\/10\/Screenshot_20251030_105317_WhatsApp-241x300.jpg\" alt=\"\" width=\"241\" height=\"300\" srcset=\"https:\/\/aecmm.fr\/wp-content\/uploads\/2025\/10\/Screenshot_20251030_105317_WhatsApp-241x300.jpg 241w, https:\/\/aecmm.fr\/wp-content\/uploads\/2025\/10\/Screenshot_20251030_105317_WhatsApp-823x1024.jpg 823w, https:\/\/aecmm.fr\/wp-content\/uploads\/2025\/10\/Screenshot_20251030_105317_WhatsApp-768x955.jpg 768w, https:\/\/aecmm.fr\/wp-content\/uploads\/2025\/10\/Screenshot_20251030_105317_WhatsApp.jpg 1080w\" sizes=\"(max-width: 241px) 100vw, 241px\" \/><img loading=\"lazy\" decoding=\"async\" class=\"alignright size-medium wp-image-1219\" src=\"https:\/\/aecmm.fr\/wp-content\/uploads\/2025\/10\/Screenshot_20251030_105304_WhatsApp-300x297.jpg\" alt=\"\" width=\"300\" height=\"297\" srcset=\"https:\/\/aecmm.fr\/wp-content\/uploads\/2025\/10\/Screenshot_20251030_105304_WhatsApp-300x297.jpg 300w, https:\/\/aecmm.fr\/wp-content\/uploads\/2025\/10\/Screenshot_20251030_105304_WhatsApp-1024x1013.jpg 1024w, https:\/\/aecmm.fr\/wp-content\/uploads\/2025\/10\/Screenshot_20251030_105304_WhatsApp-150x150.jpg 150w, https:\/\/aecmm.fr\/wp-content\/uploads\/2025\/10\/Screenshot_20251030_105304_WhatsApp-768x759.jpg 768w, https:\/\/aecmm.fr\/wp-content\/uploads\/2025\/10\/Screenshot_20251030_105304_WhatsApp-66x66.jpg 66w, https:\/\/aecmm.fr\/wp-content\/uploads\/2025\/10\/Screenshot_20251030_105304_WhatsApp.jpg 1080w\" sizes=\"(max-width: 300px) 100vw, 300px\" \/><img loading=\"lazy\" decoding=\"async\" class=\"alignright size-medium wp-image-1218\" src=\"https:\/\/aecmm.fr\/wp-content\/uploads\/2025\/10\/Screenshot_20251030_105254_WhatsApp-300x300.jpg\" alt=\"\" width=\"300\" height=\"300\" srcset=\"https:\/\/aecmm.fr\/wp-content\/uploads\/2025\/10\/Screenshot_20251030_105254_WhatsApp-300x300.jpg 300w, https:\/\/aecmm.fr\/wp-content\/uploads\/2025\/10\/Screenshot_20251030_105254_WhatsApp-1024x1020.jpg 1024w, https:\/\/aecmm.fr\/wp-content\/uploads\/2025\/10\/Screenshot_20251030_105254_WhatsApp-150x150.jpg 150w, https:\/\/aecmm.fr\/wp-content\/uploads\/2025\/10\/Screenshot_20251030_105254_WhatsApp-768x765.jpg 768w, https:\/\/aecmm.fr\/wp-content\/uploads\/2025\/10\/Screenshot_20251030_105254_WhatsApp-165x166.jpg 165w, https:\/\/aecmm.fr\/wp-content\/uploads\/2025\/10\/Screenshot_20251030_105254_WhatsApp-174x174.jpg 174w, https:\/\/aecmm.fr\/wp-content\/uploads\/2025\/10\/Screenshot_20251030_105254_WhatsApp-66x66.jpg 66w, https:\/\/aecmm.fr\/wp-content\/uploads\/2025\/10\/Screenshot_20251030_105254_WhatsApp.jpg 1080w\" sizes=\"(max-width: 300px) 100vw, 300px\" \/><img loading=\"lazy\" decoding=\"async\" class=\"alignright size-medium wp-image-1217\" src=\"https:\/\/aecmm.fr\/wp-content\/uploads\/2025\/10\/Screenshot_20251030_105238_WhatsApp-300x300.jpg\" alt=\"\" width=\"300\" height=\"300\" srcset=\"https:\/\/aecmm.fr\/wp-content\/uploads\/2025\/10\/Screenshot_20251030_105238_WhatsApp-300x300.jpg 300w, https:\/\/aecmm.fr\/wp-content\/uploads\/2025\/10\/Screenshot_20251030_105238_WhatsApp-1024x1021.jpg 1024w, https:\/\/aecmm.fr\/wp-content\/uploads\/2025\/10\/Screenshot_20251030_105238_WhatsApp-150x150.jpg 150w, https:\/\/aecmm.fr\/wp-content\/uploads\/2025\/10\/Screenshot_20251030_105238_WhatsApp-768x766.jpg 768w, https:\/\/aecmm.fr\/wp-content\/uploads\/2025\/10\/Screenshot_20251030_105238_WhatsApp-165x166.jpg 165w, https:\/\/aecmm.fr\/wp-content\/uploads\/2025\/10\/Screenshot_20251030_105238_WhatsApp-174x174.jpg 174w, https:\/\/aecmm.fr\/wp-content\/uploads\/2025\/10\/Screenshot_20251030_105238_WhatsApp-66x66.jpg 66w, https:\/\/aecmm.fr\/wp-content\/uploads\/2025\/10\/Screenshot_20251030_105238_WhatsApp.jpg 1080w\" sizes=\"(max-width: 300px) 100vw, 300px\" \/><img loading=\"lazy\" decoding=\"async\" class=\"alignright size-medium wp-image-1216\" src=\"https:\/\/aecmm.fr\/wp-content\/uploads\/2025\/10\/Screenshot_20251030_105227_WhatsApp-200x300.jpg\" alt=\"\" width=\"200\" height=\"300\" srcset=\"https:\/\/aecmm.fr\/wp-content\/uploads\/2025\/10\/Screenshot_20251030_105227_WhatsApp-200x300.jpg 200w, https:\/\/aecmm.fr\/wp-content\/uploads\/2025\/10\/Screenshot_20251030_105227_WhatsApp-683x1024.jpg 683w, https:\/\/aecmm.fr\/wp-content\/uploads\/2025\/10\/Screenshot_20251030_105227_WhatsApp-768x1152.jpg 768w, https:\/\/aecmm.fr\/wp-content\/uploads\/2025\/10\/Screenshot_20251030_105227_WhatsApp-1024x1536.jpg 1024w, https:\/\/aecmm.fr\/wp-content\/uploads\/2025\/10\/Screenshot_20251030_105227_WhatsApp.jpg 1080w\" sizes=\"(max-width: 200px) 100vw, 200px\" \/><img loading=\"lazy\" decoding=\"async\" class=\"alignright size-medium wp-image-1215\" src=\"https:\/\/aecmm.fr\/wp-content\/uploads\/2025\/10\/Screenshot_20251030_105217_WhatsApp-300x298.jpg\" alt=\"\" width=\"300\" height=\"298\" srcset=\"https:\/\/aecmm.fr\/wp-content\/uploads\/2025\/10\/Screenshot_20251030_105217_WhatsApp-300x298.jpg 300w, https:\/\/aecmm.fr\/wp-content\/uploads\/2025\/10\/Screenshot_20251030_105217_WhatsApp-1024x1017.jpg 1024w, https:\/\/aecmm.fr\/wp-content\/uploads\/2025\/10\/Screenshot_20251030_105217_WhatsApp-150x150.jpg 150w, https:\/\/aecmm.fr\/wp-content\/uploads\/2025\/10\/Screenshot_20251030_105217_WhatsApp-768x763.jpg 768w, https:\/\/aecmm.fr\/wp-content\/uploads\/2025\/10\/Screenshot_20251030_105217_WhatsApp-174x174.jpg 174w, https:\/\/aecmm.fr\/wp-content\/uploads\/2025\/10\/Screenshot_20251030_105217_WhatsApp-66x66.jpg 66w, https:\/\/aecmm.fr\/wp-content\/uploads\/2025\/10\/Screenshot_20251030_105217_WhatsApp.jpg 1080w\" sizes=\"(max-width: 300px) 100vw, 300px\" \/><img loading=\"lazy\" decoding=\"async\" class=\"alignright size-medium wp-image-1214\" src=\"https:\/\/aecmm.fr\/wp-content\/uploads\/2025\/10\/Screenshot_20251030_105209_WhatsApp-233x300.jpg\" alt=\"\" width=\"233\" height=\"300\" srcset=\"https:\/\/aecmm.fr\/wp-content\/uploads\/2025\/10\/Screenshot_20251030_105209_WhatsApp-233x300.jpg 233w, https:\/\/aecmm.fr\/wp-content\/uploads\/2025\/10\/Screenshot_20251030_105209_WhatsApp-796x1024.jpg 796w, https:\/\/aecmm.fr\/wp-content\/uploads\/2025\/10\/Screenshot_20251030_105209_WhatsApp-768x988.jpg 768w, https:\/\/aecmm.fr\/wp-content\/uploads\/2025\/10\/Screenshot_20251030_105209_WhatsApp.jpg 1080w\" sizes=\"(max-width: 233px) 100vw, 233px\" \/><img loading=\"lazy\" decoding=\"async\" class=\"alignright size-medium wp-image-1213\" src=\"https:\/\/aecmm.fr\/wp-content\/uploads\/2025\/10\/Screenshot_20251030_105157_WhatsApp-259x300.jpg\" alt=\"\" width=\"259\" height=\"300\" srcset=\"https:\/\/aecmm.fr\/wp-content\/uploads\/2025\/10\/Screenshot_20251030_105157_WhatsApp-259x300.jpg 259w, https:\/\/aecmm.fr\/wp-content\/uploads\/2025\/10\/Screenshot_20251030_105157_WhatsApp-885x1024.jpg 885w, https:\/\/aecmm.fr\/wp-content\/uploads\/2025\/10\/Screenshot_20251030_105157_WhatsApp-768x888.jpg 768w, https:\/\/aecmm.fr\/wp-content\/uploads\/2025\/10\/Screenshot_20251030_105157_WhatsApp.jpg 1079w\" sizes=\"(max-width: 259px) 100vw, 259px\" \/><img loading=\"lazy\" decoding=\"async\" class=\"alignright size-medium wp-image-1212\" src=\"https:\/\/aecmm.fr\/wp-content\/uploads\/2025\/10\/Screenshot_20251030_105150_WhatsApp-212x300.jpg\" alt=\"\" width=\"212\" height=\"300\" srcset=\"https:\/\/aecmm.fr\/wp-content\/uploads\/2025\/10\/Screenshot_20251030_105150_WhatsApp-212x300.jpg 212w, https:\/\/aecmm.fr\/wp-content\/uploads\/2025\/10\/Screenshot_20251030_105150_WhatsApp-722x1024.jpg 722w, https:\/\/aecmm.fr\/wp-content\/uploads\/2025\/10\/Screenshot_20251030_105150_WhatsApp-768x1089.jpg 768w, https:\/\/aecmm.fr\/wp-content\/uploads\/2025\/10\/Screenshot_20251030_105150_WhatsApp.jpg 1080w\" sizes=\"(max-width: 212px) 100vw, 212px\" \/><img loading=\"lazy\" decoding=\"async\" class=\"alignright size-medium wp-image-1211\" src=\"https:\/\/aecmm.fr\/wp-content\/uploads\/2025\/10\/Screenshot_20251030_105139_WhatsApp-244x300.jpg\" alt=\"\" width=\"244\" height=\"300\" srcset=\"https:\/\/aecmm.fr\/wp-content\/uploads\/2025\/10\/Screenshot_20251030_105139_WhatsApp-244x300.jpg 244w, https:\/\/aecmm.fr\/wp-content\/uploads\/2025\/10\/Screenshot_20251030_105139_WhatsApp-834x1024.jpg 834w, https:\/\/aecmm.fr\/wp-content\/uploads\/2025\/10\/Screenshot_20251030_105139_WhatsApp-768x943.jpg 768w, https:\/\/aecmm.fr\/wp-content\/uploads\/2025\/10\/Screenshot_20251030_105139_WhatsApp.jpg 1080w\" sizes=\"(max-width: 244px) 100vw, 244px\" \/><img loading=\"lazy\" decoding=\"async\" class=\"alignright size-medium wp-image-1210\" src=\"https:\/\/aecmm.fr\/wp-content\/uploads\/2025\/10\/Screenshot_20251030_105131_WhatsApp-285x300.jpg\" alt=\"\" width=\"285\" height=\"300\" srcset=\"https:\/\/aecmm.fr\/wp-content\/uploads\/2025\/10\/Screenshot_20251030_105131_WhatsApp-285x300.jpg 285w, https:\/\/aecmm.fr\/wp-content\/uploads\/2025\/10\/Screenshot_20251030_105131_WhatsApp-974x1024.jpg 974w, https:\/\/aecmm.fr\/wp-content\/uploads\/2025\/10\/Screenshot_20251030_105131_WhatsApp-768x807.jpg 768w, https:\/\/aecmm.fr\/wp-content\/uploads\/2025\/10\/Screenshot_20251030_105131_WhatsApp.jpg 1080w\" sizes=\"(max-width: 285px) 100vw, 285px\" \/><img loading=\"lazy\" decoding=\"async\" class=\"alignright size-medium wp-image-1209\" src=\"https:\/\/aecmm.fr\/wp-content\/uploads\/2025\/10\/Screenshot_20251030_105122_WhatsApp-300x296.jpg\" alt=\"\" width=\"300\" height=\"296\" srcset=\"https:\/\/aecmm.fr\/wp-content\/uploads\/2025\/10\/Screenshot_20251030_105122_WhatsApp-300x296.jpg 300w, https:\/\/aecmm.fr\/wp-content\/uploads\/2025\/10\/Screenshot_20251030_105122_WhatsApp-1024x1010.jpg 1024w, https:\/\/aecmm.fr\/wp-content\/uploads\/2025\/10\/Screenshot_20251030_105122_WhatsApp-768x757.jpg 768w, https:\/\/aecmm.fr\/wp-content\/uploads\/2025\/10\/Screenshot_20251030_105122_WhatsApp-66x66.jpg 66w, https:\/\/aecmm.fr\/wp-content\/uploads\/2025\/10\/Screenshot_20251030_105122_WhatsApp.jpg 1080w\" sizes=\"(max-width: 300px) 100vw, 300px\" \/><img loading=\"lazy\" decoding=\"async\" class=\"alignright size-medium wp-image-1208\" src=\"https:\/\/aecmm.fr\/wp-content\/uploads\/2025\/10\/Screenshot_20251030_105115_WhatsApp-238x300.jpg\" alt=\"\" width=\"238\" height=\"300\" srcset=\"https:\/\/aecmm.fr\/wp-content\/uploads\/2025\/10\/Screenshot_20251030_105115_WhatsApp-238x300.jpg 238w, https:\/\/aecmm.fr\/wp-content\/uploads\/2025\/10\/Screenshot_20251030_105115_WhatsApp-813x1024.jpg 813w, https:\/\/aecmm.fr\/wp-content\/uploads\/2025\/10\/Screenshot_20251030_105115_WhatsApp-768x967.jpg 768w, https:\/\/aecmm.fr\/wp-content\/uploads\/2025\/10\/Screenshot_20251030_105115_WhatsApp.jpg 1080w\" sizes=\"(max-width: 238px) 100vw, 238px\" \/><img loading=\"lazy\" decoding=\"async\" class=\"alignright size-medium wp-image-1207\" src=\"https:\/\/aecmm.fr\/wp-content\/uploads\/2025\/10\/Screenshot_20251030_105106_WhatsApp-261x300.jpg\" alt=\"\" width=\"261\" height=\"300\" srcset=\"https:\/\/aecmm.fr\/wp-content\/uploads\/2025\/10\/Screenshot_20251030_105106_WhatsApp-261x300.jpg 261w, https:\/\/aecmm.fr\/wp-content\/uploads\/2025\/10\/Screenshot_20251030_105106_WhatsApp-891x1024.jpg 891w, https:\/\/aecmm.fr\/wp-content\/uploads\/2025\/10\/Screenshot_20251030_105106_WhatsApp-768x882.jpg 768w, https:\/\/aecmm.fr\/wp-content\/uploads\/2025\/10\/Screenshot_20251030_105106_WhatsApp.jpg 1080w\" sizes=\"(max-width: 261px) 100vw, 261px\" \/><img loading=\"lazy\" decoding=\"async\" class=\"alignright size-medium wp-image-1206\" src=\"https:\/\/aecmm.fr\/wp-content\/uploads\/2025\/10\/Screenshot_20251030_105100_WhatsApp-240x300.jpg\" alt=\"\" width=\"240\" height=\"300\" srcset=\"https:\/\/aecmm.fr\/wp-content\/uploads\/2025\/10\/Screenshot_20251030_105100_WhatsApp-240x300.jpg 240w, https:\/\/aecmm.fr\/wp-content\/uploads\/2025\/10\/Screenshot_20251030_105100_WhatsApp-820x1024.jpg 820w, https:\/\/aecmm.fr\/wp-content\/uploads\/2025\/10\/Screenshot_20251030_105100_WhatsApp-768x959.jpg 768w, https:\/\/aecmm.fr\/wp-content\/uploads\/2025\/10\/Screenshot_20251030_105100_WhatsApp.jpg 1080w\" sizes=\"(max-width: 240px) 100vw, 240px\" \/><img loading=\"lazy\" decoding=\"async\" class=\"alignright size-medium wp-image-1205\" src=\"https:\/\/aecmm.fr\/wp-content\/uploads\/2025\/10\/Screenshot_20251030_105054_WhatsApp-297x300.jpg\" alt=\"\" width=\"297\" height=\"300\" srcset=\"https:\/\/aecmm.fr\/wp-content\/uploads\/2025\/10\/Screenshot_20251030_105054_WhatsApp-297x300.jpg 297w, https:\/\/aecmm.fr\/wp-content\/uploads\/2025\/10\/Screenshot_20251030_105054_WhatsApp-1013x1024.jpg 1013w, https:\/\/aecmm.fr\/wp-content\/uploads\/2025\/10\/Screenshot_20251030_105054_WhatsApp-768x777.jpg 768w, https:\/\/aecmm.fr\/wp-content\/uploads\/2025\/10\/Screenshot_20251030_105054_WhatsApp-165x166.jpg 165w, https:\/\/aecmm.fr\/wp-content\/uploads\/2025\/10\/Screenshot_20251030_105054_WhatsApp-66x66.jpg 66w, https:\/\/aecmm.fr\/wp-content\/uploads\/2025\/10\/Screenshot_20251030_105054_WhatsApp.jpg 1080w\" sizes=\"(max-width: 297px) 100vw, 297px\" \/><\/p>\n","protected":false},"excerpt":{"rendered":"","protected":false},"author":1,"featured_media":0,"parent":0,"menu_order":0,"comment_status":"closed","ping_status":"closed","template":"","meta":{"footnotes":""},"yoast_head":"<!-- This site is optimized with the Yoast SEO plugin v18.0 - https:\/\/yoast.com\/wordpress\/plugins\/seo\/ -->\n<title>SEJOUR EN CORSE - AECMM<\/title>\n<meta name=\"robots\" content=\"index, follow, max-snippet:-1, max-image-preview:large, max-video-preview:-1\" \/>\n<link rel=\"canonical\" href=\"https:\/\/aecmm.fr\/index.php\/photos-souvenirs\/\" \/>\n<meta property=\"og:locale\" content=\"fr_FR\" \/>\n<meta property=\"og:type\" content=\"article\" \/>\n<meta property=\"og:title\" content=\"SEJOUR EN CORSE - AECMM\" \/>\n<meta property=\"og:url\" content=\"https:\/\/aecmm.fr\/index.php\/photos-souvenirs\/\" \/>\n<meta property=\"og:site_name\" content=\"AECMM\" \/>\n<meta property=\"article:modified_time\" content=\"2025-10-30T10:12:14+00:00\" \/>\n<meta property=\"og:image\" content=\"https:\/\/aecmm.fr\/wp-content\/uploads\/2025\/10\/Screenshot_20251030_105317_WhatsApp-241x300.jpg\" \/>\n<meta name=\"twitter:card\" content=\"summary_large_image\" \/>\n<script type=\"application\/ld+json\" class=\"yoast-schema-graph\">{\"@context\":\"https:\/\/schema.org\",\"@graph\":[{\"@type\":\"WebSite\",\"@id\":\"https:\/\/aecmm.fr\/#website\",\"url\":\"https:\/\/aecmm.fr\/\",\"name\":\"AECMM\",\"description\":\"L&#039;Amicale des \u00e9lus de la F\u00e9d\u00e9ration du CMM\",\"potentialAction\":[{\"@type\":\"SearchAction\",\"target\":{\"@type\":\"EntryPoint\",\"urlTemplate\":\"https:\/\/aecmm.fr\/?s={search_term_string}\"},\"query-input\":\"required name=search_term_string\"}],\"inLanguage\":\"fr-FR\"},{\"@type\":\"ImageObject\",\"@id\":\"https:\/\/aecmm.fr\/index.php\/photos-souvenirs\/#primaryimage\",\"inLanguage\":\"fr-FR\",\"url\":\"https:\/\/aecmm.fr\/wp-content\/uploads\/2025\/10\/Screenshot_20251030_105317_WhatsApp.jpg\",\"contentUrl\":\"https:\/\/aecmm.fr\/wp-content\/uploads\/2025\/10\/Screenshot_20251030_105317_WhatsApp.jpg\",\"width\":1080,\"height\":1343},{\"@type\":\"WebPage\",\"@id\":\"https:\/\/aecmm.fr\/index.php\/photos-souvenirs\/#webpage\",\"url\":\"https:\/\/aecmm.fr\/index.php\/photos-souvenirs\/\",\"name\":\"SEJOUR EN CORSE - AECMM\",\"isPartOf\":{\"@id\":\"https:\/\/aecmm.fr\/#website\"},\"primaryImageOfPage\":{\"@id\":\"https:\/\/aecmm.fr\/index.php\/photos-souvenirs\/#primaryimage\"},\"datePublished\":\"2024-04-29T17:44:08+00:00\",\"dateModified\":\"2025-10-30T10:12:14+00:00\",\"breadcrumb\":{\"@id\":\"https:\/\/aecmm.fr\/index.php\/photos-souvenirs\/#breadcrumb\"},\"inLanguage\":\"fr-FR\",\"potentialAction\":[{\"@type\":\"ReadAction\",\"target\":[\"https:\/\/aecmm.fr\/index.php\/photos-souvenirs\/\"]}]},{\"@type\":\"BreadcrumbList\",\"@id\":\"https:\/\/aecmm.fr\/index.php\/photos-souvenirs\/#breadcrumb\",\"itemListElement\":[{\"@type\":\"ListItem\",\"position\":1,\"name\":\"Accueil\",\"item\":\"https:\/\/aecmm.fr\/\"},{\"@type\":\"ListItem\",\"position\":2,\"name\":\"SEJOUR EN CORSE\"}]}]}<\/script>\n<!-- \/ Yoast SEO plugin. -->","yoast_head_json":{"title":"SEJOUR EN CORSE - AECMM","robots":{"index":"index","follow":"follow","max-snippet":"max-snippet:-1","max-image-preview":"max-image-preview:large","max-video-preview":"max-video-preview:-1"},"canonical":"https:\/\/aecmm.fr\/index.php\/photos-souvenirs\/","og_locale":"fr_FR","og_type":"article","og_title":"SEJOUR EN CORSE - AECMM","og_url":"https:\/\/aecmm.fr\/index.php\/photos-souvenirs\/","og_site_name":"AECMM","article_modified_time":"2025-10-30T10:12:14+00:00","og_image":[{"url":"https:\/\/aecmm.fr\/wp-content\/uploads\/2025\/10\/Screenshot_20251030_105317_WhatsApp-241x300.jpg"}],"twitter_card":"summary_large_image","schema":{"@context":"https:\/\/schema.org","@graph":[{"@type":"WebSite","@id":"https:\/\/aecmm.fr\/#website","url":"https:\/\/aecmm.fr\/","name":"AECMM","description":"L&#039;Amicale des \u00e9lus de la F\u00e9d\u00e9ration du CMM","potentialAction":[{"@type":"SearchAction","target":{"@type":"EntryPoint","urlTemplate":"https:\/\/aecmm.fr\/?s={search_term_string}"},"query-input":"required name=search_term_string"}],"inLanguage":"fr-FR"},{"@type":"ImageObject","@id":"https:\/\/aecmm.fr\/index.php\/photos-souvenirs\/#primaryimage","inLanguage":"fr-FR","url":"https:\/\/aecmm.fr\/wp-content\/uploads\/2025\/10\/Screenshot_20251030_105317_WhatsApp.jpg","contentUrl":"https:\/\/aecmm.fr\/wp-content\/uploads\/2025\/10\/Screenshot_20251030_105317_WhatsApp.jpg","width":1080,"height":1343},{"@type":"WebPage","@id":"https:\/\/aecmm.fr\/index.php\/photos-souvenirs\/#webpage","url":"https:\/\/aecmm.fr\/index.php\/photos-souvenirs\/","name":"SEJOUR EN CORSE - AECMM","isPartOf":{"@id":"https:\/\/aecmm.fr\/#website"},"primaryImageOfPage":{"@id":"https:\/\/aecmm.fr\/index.php\/photos-souvenirs\/#primaryimage"},"datePublished":"2024-04-29T17:44:08+00:00","dateModified":"2025-10-30T10:12:14+00:00","breadcrumb":{"@id":"https:\/\/aecmm.fr\/index.php\/photos-souvenirs\/#breadcrumb"},"inLanguage":"fr-FR","potentialAction":[{"@type":"ReadAction","target":["https:\/\/aecmm.fr\/index.php\/photos-souvenirs\/"]}]},{"@type":"BreadcrumbList","@id":"https:\/\/aecmm.fr\/index.php\/photos-souvenirs\/#breadcrumb","itemListElement":[{"@type":"ListItem","position":1,"name":"Accueil","item":"https:\/\/aecmm.fr\/"},{"@type":"ListItem","position":2,"name":"SEJOUR EN CORSE"}]}]}},"jetpack_sharing_enabled":true,"_links":{"self":[{"href":"https:\/\/aecmm.fr\/index.php\/wp-json\/wp\/v2\/pages\/1075"}],"collection":[{"href":"https:\/\/aecmm.fr\/index.php\/wp-json\/wp\/v2\/pages"}],"about":[{"href":"https:\/\/aecmm.fr\/index.php\/wp-json\/wp\/v2\/types\/page"}],"author":[{"embeddable":true,"href":"https:\/\/aecmm.fr\/index.php\/wp-json\/wp\/v2\/users\/1"}],"replies":[{"embeddable":true,"href":"https:\/\/aecmm.fr\/index.php\/wp-json\/wp\/v2\/comments?post=1075"}],"version-history":[{"count":8,"href":"https:\/\/aecmm.fr\/index.php\/wp-json\/wp\/v2\/pages\/1075\/revisions"}],"predecessor-version":[{"id":1227,"href":"https:\/\/aecmm.fr\/index.php\/wp-json\/wp\/v2\/pages\/1075\/revisions\/1227"}],"wp:attachment":[{"href":"https:\/\/aecmm.fr\/index.php\/wp-json\/wp\/v2\/media?parent=1075"}],"curies":[{"name":"wp","href":"https:\/\/api.w.org\/{rel}","templated":true}]}}